{"id":204,"date":"2015-07-14T12:01:58","date_gmt":"2015-07-14T12:01:58","guid":{"rendered":"http:\/\/temp\/?page_id=204"},"modified":"2026-04-15T14:12:56","modified_gmt":"2026-04-15T14:12:56","slug":"about-me","status":"publish","type":"page","link":"https:\/\/silviamolinam.com\/index.php\/about-me\/","title":{"rendered":"SOBRE M\u00cd"},"content":{"rendered":"<div class=\"wpb-content-wrapper\"><p>[vc_row][vc_column width=\u00bb1\/2&#8243;][vc_single_image image=\u00bb609&#8243; img_size=\u00bb700&#215;500&#8243; css=\u00bb\u00bb title=\u00bbS\u00edlvia Molina Molina\u00bb][\/vc_column][vc_column width=\u00bb1\/2&#8243;][vc_column_text css=\u00bb\u00bb]<\/p>\n<p>Mi vocaci\u00f3n por contar historias, dar voz a las personas m\u00e1s desfavorecidas y abordar los derechos humanos desde una perspectiva de g\u00e9nero me llevaron a estudiar Periodismo y Comunicaci\u00f3n Corporativa en Blanquerna \u2013 Universitat Ramon Llull (Barcelona).<\/p>\n<p>He trabajado en dos agencias de comunicaci\u00f3n, donde he realizado la cobertura de eventos, la edici\u00f3n y selecci\u00f3n de fotograf\u00edas y piezas audiovisuales, la redacci\u00f3n de contenidos y la gesti\u00f3n de p\u00e1ginas web. Adem\u00e1s, he colaborado como fotoperiodista freelance en medios como <em>Social.cat, Diari El Jard\u00ed<\/em> y la revista <em>La Mira<\/em>, y con fundaciones como <em>Ass\u00eds<\/em> y <em>Salud y Comunidad<\/em>, ambas en Catalunya.<\/p>\n<p data-start=\"624\" data-end=\"893\">He formado parte de exposiciones colectivas como <em data-start=\"673\" data-end=\"697\">\u201cEls ulls de la Terra\u201d<\/em> (2024) y <em data-start=\"707\" data-end=\"727\">\u201cSostenint Futurs\u201d<\/em> (2025), ambas celebradas en La Bonne \u2013 Centre de Cultura de Dones Francesca Bonnemaison, as\u00ed como <em data-start=\"826\" data-end=\"850\">\u201cMirar-se i Cuidar-se\u201d<\/em> (2025), en la Biblioteca Agust\u00ed Centelles, y dentro del marco del <em>Festival Ullal <\/em>(2026), en Can Batll\u00f3.<\/p>\n<p data-start=\"895\" data-end=\"1158\" data-is-last-node=\"\" data-is-only-node=\"\">En 2025 particip\u00e9 como asistenta de fotograf\u00eda en el proyecto <em data-start=\"957\" data-end=\"983\">Traspassant l\u2019Objectiu<\/em>, impartido en los centros penitenciarios de mujeres Brians 1 y Wad-Ras. Se trata de una iniciativa impulsada por la Fundaci\u00f3 Setba y liderada por la fot\u00f3grafa Marta F\u00e0bregas.<\/p>\n<p>[\/vc_column_text][\/vc_column][\/vc_row]<\/p>\n<\/div>","protected":false},"excerpt":{"rendered":"<p>[vc_row][vc_column width=\u00bb1\/2&#8243;][vc_single_image image=\u00bb609&#8243; img_size=\u00bb700&#215;500&#8243; css=\u00bb\u00bb title=\u00bbS\u00edlvia Molina Molina\u00bb][\/vc_column][vc_column width=\u00bb1\/2&#8243;][vc_column_text css=\u00bb\u00bb] Mi vocaci\u00f3n por contar historias, dar voz a las personas m\u00e1s desfavorecidas y abordar los derechos humanos desde una perspectiva de g\u00e9nero me llevaron a estudiar Periodismo y Comunicaci\u00f3n Corporativa en Blanquerna \u2013 Universitat Ramon Llull (Barcelona). He trabajado en dos agencias de comunicaci\u00f3n, donde [&hellip;]<\/p>\n","protected":false},"author":1,"featured_media":0,"parent":0,"menu_order":0,"comment_status":"closed","ping_status":"closed","template":"","meta":{"footnotes":""},"class_list":["post-204","page","type-page","status-publish","hentry"],"_links":{"self":[{"href":"https:\/\/silviamolinam.com\/index.php\/wp-json\/wp\/v2\/pages\/204","targetHints":{"allow":["GET"]}}],"collection":[{"href":"https:\/\/silviamolinam.com\/index.php\/wp-json\/wp\/v2\/pages"}],"about":[{"href":"https:\/\/silviamolinam.com\/index.php\/wp-json\/wp\/v2\/types\/page"}],"author":[{"embeddable":true,"href":"https:\/\/silviamolinam.com\/index.php\/wp-json\/wp\/v2\/users\/1"}],"replies":[{"embeddable":true,"href":"https:\/\/silviamolinam.com\/index.php\/wp-json\/wp\/v2\/comments?post=204"}],"version-history":[{"count":48,"href":"https:\/\/silviamolinam.com\/index.php\/wp-json\/wp\/v2\/pages\/204\/revisions"}],"predecessor-version":[{"id":1154,"href":"https:\/\/silviamolinam.com\/index.php\/wp-json\/wp\/v2\/pages\/204\/revisions\/1154"}],"wp:attachment":[{"href":"https:\/\/silviamolinam.com\/index.php\/wp-json\/wp\/v2\/media?parent=204"}],"curies":[{"name":"wp","href":"https:\/\/api.w.org\/{rel}","templated":true}]}}