{"id":738,"date":"2025-08-27T09:46:02","date_gmt":"2025-08-27T09:46:02","guid":{"rendered":"http:\/\/silviav.cluster100.hosting.ovh.net\/?page_id=738"},"modified":"2026-04-15T14:15:46","modified_gmt":"2026-04-15T14:15:46","slug":"sobre-mi","status":"publish","type":"page","link":"https:\/\/silviamolinam.com\/index.php\/ca\/sobre-mi\/","title":{"rendered":"Sobre mi"},"content":{"rendered":"<div class=\"wpb-content-wrapper\"><p>[vc_row][vc_column width=\u00bb1\/2&#8243;][vc_single_image image=\u00bb609&#8243; img_size=\u00bb700&#215;500&#8243; css=\u00bb\u00bb title=\u00bbS\u00edlvia Molina Molina\u00bb][\/vc_column][vc_column width=\u00bb1\/2&#8243;][vc_column_text css=\u00bb.vc_custom_1776262547154{margin-bottom: 10px !important;}\u00bb]<\/p>\n<p>La meva vocaci\u00f3 per explicar hist\u00f2ries, donar veu a les persones m\u00e9s desfavorides i abordar els drets humans des d&#8217;una perspectiva de g\u00e8nere em van portar a estudiar Periodisme i Comunicaci\u00f3 Corporativa en Blanquerna \u2013 Universitat Ram\u00f3n Llull (Barcelona).<\/p>\n<p>He treballat en dues ag\u00e8ncies de comunicaci\u00f3, on he realitzat la cobertura d\u2019esdeveniments, l\u2019edici\u00f3 i selecci\u00f3 de fotografies i peces audiovisuals, la redacci\u00f3 de continguts i la gesti\u00f3 de p\u00e0gines web. A m\u00e9s, he col\u00b7laborat com a fotoperiodista freelance en mitjans com<em> Social.cat, Diari El Jard\u00ed<\/em> i la revista <em>La Mira<\/em>, i amb fundacions com <em>Ass\u00eds<\/em> i <em>Salut i Comunitat<\/em>, ambdues a Catalunya.<\/p>\n<p>He format part d\u2019exposicions col\u00b7lectives com \u201c<em>Els ulls de la Terra<\/em>\u201d (2024) i \u201c<em>Sostenint Futurs<\/em>\u201d (2025), ambdues celebrades a La Bonne \u2013 Centre de Cultura de Dones Francesca Bonnemaison; aix\u00ed com \u201c<em>Mirar-se i Cuidar-se<\/em>\u201d (2025), a la Biblioteca Agust\u00ed Centelles, i dins del marc del <em>Festival Ullal<\/em> (2026), a Can Batll\u00f3.<\/p>\n<p>L\u2019any 2025 vaig participar com a assistenta de fotografia en el projecte <i>Traspassant l\u2019Objectiu<\/i>, impartit en els centres penitenciaris de dones Brians 1 i Wad-Ras. Es tracta d&#8217;una iniciativa impulsada per la Fundaci\u00f3 Setba i liderada per la fot\u00f2grafa Marta F\u00e0bregas.[\/vc_column_text][\/vc_column][\/vc_row]<\/p>\n<\/div>","protected":false},"excerpt":{"rendered":"<p>[vc_row][vc_column width=\u00bb1\/2&#8243;][vc_single_image image=\u00bb609&#8243; img_size=\u00bb700&#215;500&#8243; css=\u00bb\u00bb title=\u00bbS\u00edlvia Molina Molina\u00bb][\/vc_column][vc_column width=\u00bb1\/2&#8243;][vc_column_text css=\u00bb.vc_custom_1776262547154{margin-bottom: 10px !important;}\u00bb] La meva vocaci\u00f3 per explicar hist\u00f2ries, donar veu a les persones m\u00e9s desfavorides i abordar els drets humans des d&#8217;una perspectiva de g\u00e8nere em van portar a estudiar Periodisme i Comunicaci\u00f3 Corporativa en Blanquerna \u2013 Universitat Ram\u00f3n Llull (Barcelona). He treballat en dues [&hellip;]<\/p>\n","protected":false},"author":1,"featured_media":0,"parent":0,"menu_order":0,"comment_status":"closed","ping_status":"closed","template":"","meta":{"footnotes":""},"class_list":["post-738","page","type-page","status-publish","hentry"],"_links":{"self":[{"href":"https:\/\/silviamolinam.com\/index.php\/wp-json\/wp\/v2\/pages\/738","targetHints":{"allow":["GET"]}}],"collection":[{"href":"https:\/\/silviamolinam.com\/index.php\/wp-json\/wp\/v2\/pages"}],"about":[{"href":"https:\/\/silviamolinam.com\/index.php\/wp-json\/wp\/v2\/types\/page"}],"author":[{"embeddable":true,"href":"https:\/\/silviamolinam.com\/index.php\/wp-json\/wp\/v2\/users\/1"}],"replies":[{"embeddable":true,"href":"https:\/\/silviamolinam.com\/index.php\/wp-json\/wp\/v2\/comments?post=738"}],"version-history":[{"count":15,"href":"https:\/\/silviamolinam.com\/index.php\/wp-json\/wp\/v2\/pages\/738\/revisions"}],"predecessor-version":[{"id":1155,"href":"https:\/\/silviamolinam.com\/index.php\/wp-json\/wp\/v2\/pages\/738\/revisions\/1155"}],"wp:attachment":[{"href":"https:\/\/silviamolinam.com\/index.php\/wp-json\/wp\/v2\/media?parent=738"}],"curies":[{"name":"wp","href":"https:\/\/api.w.org\/{rel}","templated":true}]}}